{"id":606,"date":"2018-05-27T17:25:00","date_gmt":"2018-05-27T15:25:00","guid":{"rendered":"http:\/\/www.c-art-a.de\/wordpress\/?page_id=606"},"modified":"2023-04-22T18:15:23","modified_gmt":"2023-04-22T16:15:23","slug":"datenschutzerklaerung","status":"publish","type":"page","link":"http:\/\/www.c-art-a.de\/wordpress\/c-art-a-stellt-sich-vor\/datenschutzerklaerung\/","title":{"rendered":"Datenschutzerkl\u00e4rung"},"content":{"rendered":"<p>Datenschutzerkl\u00e4rung<\/p>\n<p>C-ART-A &#8211; Buchbindemanufaktur<br \/>\nChristiane Lober<br \/>\nTheresienstra\u00dfe 2<br \/>\n78786 Berg\/Pfalz<br \/>\nTelefon: +49 7273 \/ 47 63<\/p>\n<p>(Wir betreiben diese Website und k\u00fcmmern uns auch um den Datenschutz.)<\/p>\n<p>Liebe Besucherin, lieber Besucher unsere Web-Site,<br \/>\nunsere WEB-Site (www.c-art-a.de) dient ausschlie\u00dflich dazu Sie zu informieren.<\/p>\n<p>Datenschutzerkl\u00e4rung<\/p>\n<p>Grundlegendes<\/p>\n<p>Diese Datenschutzerkl\u00e4rung soll Ihnen (Sie sind: \u201eNutzer dieser Website\u201c) \u00fcber die Art, Umfang und Zweck der Erhebung und Verwendung personenbezogener Daten durch uns (Wir sind der Websitebetreiber [www.c-art-a.de \/\/ CARTA Buchbindemanufaktur]) informieren.<br \/>\nWir nehmen Ihren Datenschutz ernst und wir gehen vertrauensvoll mit Ihren personenbezogenen Daten um, entsprechend der gesetzlichen Vorschriften.<br \/>\nNeue Technologien ver\u00e4ndern das Internet und f\u00fchren aufgrund des von uns genutzten Content-Management-Systems WORDPRESS immer wieder zu \u00c4nderungen von www.c-art-a.de, so dass in Zukunft auch \u00c4nderungen an dieser Datenschutzerkl\u00e4rung vorgenommen werden m\u00fcssen; empfehlen wir Ihnen sich die Datenschutzerkl\u00e4rung in regelm\u00e4\u00dfigen Abst\u00e4nden wieder durchzulesen.<\/p>\n<p>Zugriffsdaten:<\/p>\n<p>Wir, erheben aufgrund unseres berechtigten Interesses (s. Art. 6 Abs. 1 lit. f. DSGVO) Daten \u00fcber Zugriffe auf die Website und speichern diese als \u201eServer-Logfiles\u201c auf dem Server der Website ab. Folgende Daten werden so protokolliert:<br \/>\n&#8211; Besuchte Website<br \/>\n&#8211; Uhrzeit zum Zeitpunkt des Zugriffes<br \/>\n&#8211; Menge der gesendeten Daten in Byte<br \/>\n&#8211; Quelle\/Verweis, von welchem Sie auf die Seite gelangten<br \/>\n&#8211; Verwendeter Browser<br \/>\n&#8211; Verwendetes Betriebssystem<br \/>\n&#8211; Verwendete IP-Adresse<\/p>\n<p>Die Server-Logfiles werden f\u00fcr maximal 7 Tage gespeichert und anschlie\u00dfend gel\u00f6scht. Die Speicherung der Daten erfolgt aus Sicherheitsgr\u00fcnden, um z. B. Missbrauchsf\u00e4lle aufkl\u00e4ren zu k\u00f6nnen. M\u00fcssen Daten aus Beweisgr\u00fcnden aufgehoben werden, sind sie solange von der L\u00f6schung ausgenommen bis der Vorfall endg\u00fcltig gekl\u00e4rt ist.<\/p>\n<p>Reichweitenmessung &amp; Cookies<br \/>\nWir verwenden Cookies zur pseudonymisierten Reichweitenmessung, die entweder von unserem Server oder dem Server Dritter an den Browser des Nutzers Muster von datenschutz.org \u00fcbertragen werden. Bei Cookies handelt es sich um kleine Dateien, welche auf Ihrem Endger\u00e4t gespeichert werden. Ihr Browser greift auf diese Dateien zu. Durch den Einsatz von Cookies erh\u00f6ht sich die Benutzerfreundlichkeit und Sicherheit dieser Website. Falls Sie nicht m\u00f6chten, dass Cookies zur Reichweitenmessung auf Ihrem Endger\u00e4t gespeichert werden, k\u00f6nnen Sie dem Einsatz dieser Dateien hier widersprechen:<br \/>\nCookie-Deaktivierungsseite der Netzwerkwerbeinitiative:<br \/>\nhttp:\/\/optout.networkadvertising.org\/?c=1#!\/<br \/>\nCookie-Deaktivierungsseite der US-amerikanischen Website:<br \/>\nhttp:\/\/optout.aboutads.info\/?c=2#!\/<br \/>\nCookie-Deaktivierungsseite der europ\u00e4ischen Website:<br \/>\nhttp:\/\/optout.networkadvertising.org\/?c=1#!\/<\/p>\n<p>G\u00e4ngige Browser bieten die Einstellungsoption, Cookies nicht zuzulassen.<br \/>\nHinweis: Es ist nicht gew\u00e4hrleistet, dass Sie auf alle Funktionen dieser Website ohne Einschr\u00e4nkungen zugreifen k\u00f6nnen, wenn Sie entsprechende Einstellungen vornehmen. Erfassung und Verarbeitung personenbezogener Daten.<\/p>\n<p>Wir erheben, nutzten und geben Ihre personenbezogenen Daten nur dann weiter, wenn dies im gesetzlichen Rahmen erlaubt ist oder Sie in die Datenerhebung einwilligen. (z.B. bei einem Bestellvorgang.)<\/p>\n<p>Als personenbezogene Daten gelten all die Informationen, die dazu dienen, Ihre Person zu bestimmen und die zu Ihnen zur\u00fcckverfolgt werden k\u00f6nnen \u2013 also beispielsweise Ihr Name, Ihre E-Mail-Adresse und Telefonnummer. Diese Website k\u00f6nnen Sie auch besuchen, ohne Angaben zu Ihrer Person zu machen. Zur Verbesserung unseres Online-Angebotes speichern wir jedoch (ohne Personenbezug) Ihre Zugriffsdaten auf diese Website. Zu diesen Zugriffsdaten geh\u00f6ren z. B. die von Ihnen angeforderte Datei oder der Name Ihres Internet-Providers. Durch die Anonymisierung der Daten sind R\u00fcckschl\u00fcsse auf Ihre Person nicht m\u00f6glich.<br \/>\nWir nutzen diese Daten im Rahmen unseres WORDPRESS-Auftritts. Das WORDPRESS-Autorensystem, bzw. unser Content-Managment-System (CMS) nutzt dieses Daten f\u00fcr eine komfortable Web-Site-Gestaltung.<br \/>\nZus\u00e4tzlich verwenden wir &#8211; wir personenbezogene Daten wie Vorname, Nachname, IP-Adresse, E-Mail-Adresse, Wohnort, Postleitzahl und Inhaltsangaben aus E-Mails, die Sie uns in Ihrem eigenen Interesse zukommen lassen k\u00f6nnen. Auf diese Weise k\u00f6nnen wird Ihre Anfragen beantworten oder Ihnen Produkte aus unserem Angebot herstellen und zusenden.<\/p>\n<p>Eine eingehende E-Mail von Ihnen werten wir als Einverst\u00e4ndnis, dass Ihre personenbezogene Daten nur mit Ihrer ausdr\u00fccklicher Erlaubnis erhalten k\u00f6nnen und Sie ausreichen \u00fcber die geltenden Datenschutzbestimmungen informiert sind.<br \/>\nWenn Sie sich nicht sicher sind: senden Sie uns einfach keine E-Mail. Wenn Sie aus unserem Kundenverzeichnis gel\u00f6scht werden wollen, bitte senden Sie uns eine E-Mail an:<br \/>\nabschied [\u00e4t] c-art-a.de<br \/>\nDie Verarbeitung der personenbezogenen Daten erfolgt aufgrund unseres berechtigten Interesses zur Erf\u00fcllung unserer vertraglich vereinbarten Leistungen und zur Optimierung unseres Online-Angebotes.<br \/>\nNochmal ganz DEUTLICH: Umgang mit Kontaktdaten<br \/>\nSobald Sie mit www.c-art-a.de \/\/ CARTA Buchbindemanufaktur Kontakt aufnehmen, durch die angebotenen Kontaktm\u00f6glichkeiten, werden Ihre Angaben gespeichert, damit wir Ihre Daten zur Bearbeitung und Beantwortung Ihrer Anfrage nutzen k\u00f6nnen.<\/p>\n<p>Ihre Daten werden nicht an Dritte weitergegeben (au\u00dfer selbstverst\u00e4ndlich an die Post &#8211; oder andere Logistikdienstleister &#8211; , damit wir Ihnen zusenden k\u00f6nnen, was Sie bestellt haben, auch hat das Finanzamt das Recht Ihre Daten auf Anfrage einzusehen, damit wir unsere Steuern korrekt bezahlen k\u00f6nnen).<\/p>\n<p>Ihre Daten werden von uns nicht im Internet gespeichert. Wir haben keine Adressdatenbank, im Internet, die wir nutzen.<br \/>\nDaraus ergibt sich, dass wir keine Datenbank unterhalten, die es uns erm\u00f6glicht Ihnen per automatisiertem \u201eBest\u00e4tigungs-E-Mail-Verfahren\u201c (\u201edouble-opt-in\u201c) Ihr Einverst\u00e4ndnis zur Datenspeicherung zu \u201euntermauern\u201c. (Wir halten unsere Methode f\u00fcr das Verfahren, das Ihre Daten besser sch\u00fctzt).<\/p>\n<p>Falls Sie weitere Informationen haben wollen bez\u00fcglich unseres benutzerfreundlichen Umgangs mit Ihren Daten, dann freuen wir uns \u00fcber Ihren Anruf.<\/p>\n<p>Vielen Dank f\u00fcr Ihr Verst\u00e4ndnis<\/p>\n<p>Freundlichste Gr\u00fc\u00dfe aus Berg\/Pfalz<\/p>\n<p>Berg, 22. Mai 2018<\/p>\n","protected":false},"excerpt":{"rendered":"<p>Datenschutzerkl\u00e4rung C-ART-A &#8211; Buchbindemanufaktur Christiane Lober Theresienstra\u00dfe 2 78786 Berg\/Pfalz Telefon: +49 7273 \/ 47 63 (Wir betreiben diese Website und k\u00fcmmern uns auch um den Datenschutz.) Liebe Besucherin, lieber Besucher unsere Web-Site, unsere WEB-Site (www.c-art-a.de) dient ausschlie\u00dflich dazu Sie &hellip; <a href=\"http:\/\/www.c-art-a.de\/wordpress\/c-art-a-stellt-sich-vor\/datenschutzerklaerung\/\">Weiterlesen <span class=\"meta-nav\">&rarr;<\/span><\/a><\/p>\n","protected":false},"author":1,"featured_media":194,"parent":30,"menu_order":0,"comment_status":"closed","ping_status":"closed","template":"","meta":{"footnotes":""},"class_list":["post-606","page","type-page","status-publish","has-post-thumbnail","hentry"],"_links":{"self":[{"href":"http:\/\/www.c-art-a.de\/wordpress\/wp-json\/wp\/v2\/pages\/606","targetHints":{"allow":["GET"]}}],"collection":[{"href":"http:\/\/www.c-art-a.de\/wordpress\/wp-json\/wp\/v2\/pages"}],"about":[{"href":"http:\/\/www.c-art-a.de\/wordpress\/wp-json\/wp\/v2\/types\/page"}],"author":[{"embeddable":true,"href":"http:\/\/www.c-art-a.de\/wordpress\/wp-json\/wp\/v2\/users\/1"}],"replies":[{"embeddable":true,"href":"http:\/\/www.c-art-a.de\/wordpress\/wp-json\/wp\/v2\/comments?post=606"}],"version-history":[{"count":3,"href":"http:\/\/www.c-art-a.de\/wordpress\/wp-json\/wp\/v2\/pages\/606\/revisions"}],"predecessor-version":[{"id":735,"href":"http:\/\/www.c-art-a.de\/wordpress\/wp-json\/wp\/v2\/pages\/606\/revisions\/735"}],"up":[{"embeddable":true,"href":"http:\/\/www.c-art-a.de\/wordpress\/wp-json\/wp\/v2\/pages\/30"}],"wp:featuredmedia":[{"embeddable":true,"href":"http:\/\/www.c-art-a.de\/wordpress\/wp-json\/wp\/v2\/media\/194"}],"wp:attachment":[{"href":"http:\/\/www.c-art-a.de\/wordpress\/wp-json\/wp\/v2\/media?parent=606"}],"curies":[{"name":"wp","href":"https:\/\/api.w.org\/{rel}","templated":true}]}}