{"id":41,"date":"2011-08-13T13:54:21","date_gmt":"2011-08-13T11:54:21","guid":{"rendered":"http:\/\/www.c-art-a.de\/wordpress\/?page_id=41"},"modified":"2025-09-28T21:09:11","modified_gmt":"2025-09-28T19:09:11","slug":"termine","status":"publish","type":"page","link":"http:\/\/www.c-art-a.de\/wordpress\/termine\/","title":{"rendered":"M\u00e4rkte Ausstellungen"},"content":{"rendered":"\n<p>Hier k\u00f6nnen Sie eine kleine Auswahl unserer Buchbindearbeiten ebenfalls finden:<\/p>\n\n\n\n<p><strong><a href=\"http:\/\/www.c-art-a.de\/wordpress\/wp-content\/uploads\/2011\/08\/DSCN03021.jpg\"><img loading=\"lazy\" decoding=\"async\" class=\"size-medium wp-image-114 alignright\" src=\"http:\/\/www.c-art-a.de\/wordpress\/wp-content\/uploads\/2011\/08\/DSCN03021-225x300.jpg\" alt=\"\" width=\"225\" height=\"300\" srcset=\"http:\/\/www.c-art-a.de\/wordpress\/wp-content\/uploads\/2011\/08\/DSCN03021-225x300.jpg 225w, http:\/\/www.c-art-a.de\/wordpress\/wp-content\/uploads\/2011\/08\/DSCN03021-768x1024.jpg 768w, http:\/\/www.c-art-a.de\/wordpress\/wp-content\/uploads\/2011\/08\/DSCN03021.jpg 1200w\" sizes=\"auto, (max-width: 225px) 100vw, 225px\" \/><\/a>Reisebuchladen<\/strong><br \/>Karlsruhe, Herrenstra\u00dfe 33, 76133 Karlsruhe<br \/>hier finden Sie eine kleine Auswahl unserer Arbeiten<br \/>\u00d6ffnungszeiten Mo &#8211; Fr: 10 &#8211; 16 Uhr, Sa: 10 &#8211; 16 Uhr&nbsp;&nbsp; &nbsp; &nbsp; &nbsp; &nbsp; &nbsp; &nbsp; &nbsp; &nbsp; &nbsp; &nbsp; &nbsp; &nbsp; &nbsp; &nbsp; &nbsp; &nbsp; &nbsp; &nbsp; &nbsp; &nbsp; &nbsp; &nbsp; &nbsp; &nbsp; &nbsp; &nbsp; &nbsp; <span style=\"color: #ffffff;\"><span style=\"color: #ffffff;\">.<\/span><\/span><\/p>\n\n\n\n<p class=\"has-black-color has-text-color\"><br \/><\/p>\n\n\n\n<p class=\"has-text-color\" style=\"color:#a30085;font-size:19px\"><strong>  <\/strong><\/p>\n\n\n\n<p class=\"has-black-color has-text-color has-medium-font-size\"><br \/><\/p>\n\n\n\n<p class=\"has-black-color has-text-color has-medium-font-size\"><strong>C-ART-A auf Kunsthandwerkerm\u00e4rkten und Ausstellungen<\/strong>:<\/p>\n\n\n\n<p><strong>Kunsthandwerkermarkt Karlsruhe, Stephanplatz<\/strong><br \/>Samstag, 10. Mai 2025, 10 &#8211; 18 Uhr<\/p>\n\n\n\n<p><strong>Kunsthandwerkermarkt  Karlsruhe, Marktplatz<\/strong><br \/>Samstag, 5. Juli 2025, 10 &#8211; 18 Uhr<\/p>\n\n\n\n<p><strong>Kunsthandwerkermarkt Ettlingen<\/strong><br \/>Ettlingen, Schlossgartenhalle<br \/>30. u. 31.. August 2025 10 &#8211; 18 Uhr<\/p>\n\n\n\n<p><strong>Kunsthandwerkermarkt Karlsruhe, Stephanplatz<\/strong><br \/>Samstag, 27.Sebtember 2025, 10 &#8211; 18 Uhr<\/p>\n\n\n\n<p><strong>Kunsthandwerkermarkt Ettlingen, Schlossgartenhalle<\/strong><br \/>Kunst und Handwerk<br \/>Samstag 15. November 2025, 11 &#8211; 20 Uhr<br \/>Sonntag 16. November 2025, 11 &#8211; 18 Uhr<\/p>\n\n\n\n<p><strong>Adventsbasar Walldorfschule Karlsuhe <\/strong><br \/>Samstag, 23. November 2025, 11 &#8211; 17 Uhr<\/p>\n\n\n\n<p><strong>Christkindlesmarkt Karlsruhe Marktplat<\/strong>z<br \/>(Rathaustreppe)<br \/>Sonntag: 21. Dezember 2025, 11 &#8211; 21 Uhr<br \/>Montag: 22. Dezember .2025, 11 &#8211; 21 Uhr<br \/>Dienstag: 23. Dezember .2025, 11 &#8211; 21 Uhr<br \/><\/p>\n\n\n\n<p><\/p>\n","protected":false},"excerpt":{"rendered":"<p>Hier k\u00f6nnen Sie eine kleine Auswahl unserer Buchbindearbeiten ebenfalls finden: ReisebuchladenKarlsruhe, Herrenstra\u00dfe 33, 76133 Karlsruhehier finden Sie eine kleine Auswahl unserer Arbeiten\u00d6ffnungszeiten Mo &#8211; Fr: 10 &#8211; 16 Uhr, Sa: 10 &#8211; 16 Uhr&nbsp;&nbsp; &nbsp; &nbsp; &nbsp; &nbsp; &nbsp; &nbsp; &hellip; <a href=\"http:\/\/www.c-art-a.de\/wordpress\/termine\/\">Weiterlesen <span class=\"meta-nav\">&rarr;<\/span><\/a><\/p>\n","protected":false},"author":2,"featured_media":115,"parent":0,"menu_order":0,"comment_status":"closed","ping_status":"open","template":"","meta":{"footnotes":""},"class_list":["post-41","page","type-page","status-publish","has-post-thumbnail","hentry"],"_links":{"self":[{"href":"http:\/\/www.c-art-a.de\/wordpress\/wp-json\/wp\/v2\/pages\/41","targetHints":{"allow":["GET"]}}],"collection":[{"href":"http:\/\/www.c-art-a.de\/wordpress\/wp-json\/wp\/v2\/pages"}],"about":[{"href":"http:\/\/www.c-art-a.de\/wordpress\/wp-json\/wp\/v2\/types\/page"}],"author":[{"embeddable":true,"href":"http:\/\/www.c-art-a.de\/wordpress\/wp-json\/wp\/v2\/users\/2"}],"replies":[{"embeddable":true,"href":"http:\/\/www.c-art-a.de\/wordpress\/wp-json\/wp\/v2\/comments?post=41"}],"version-history":[{"count":163,"href":"http:\/\/www.c-art-a.de\/wordpress\/wp-json\/wp\/v2\/pages\/41\/revisions"}],"predecessor-version":[{"id":783,"href":"http:\/\/www.c-art-a.de\/wordpress\/wp-json\/wp\/v2\/pages\/41\/revisions\/783"}],"wp:featuredmedia":[{"embeddable":true,"href":"http:\/\/www.c-art-a.de\/wordpress\/wp-json\/wp\/v2\/media\/115"}],"wp:attachment":[{"href":"http:\/\/www.c-art-a.de\/wordpress\/wp-json\/wp\/v2\/media?parent=41"}],"curies":[{"name":"wp","href":"https:\/\/api.w.org\/{rel}","templated":true}]}}